{"id":18,"date":"2025-08-04T13:48:36","date_gmt":"2025-08-04T13:48:36","guid":{"rendered":"https:\/\/elementor.raumvisionen.de\/?page_id=18"},"modified":"2025-12-18T07:48:32","modified_gmt":"2025-12-18T07:48:32","slug":"impressum","status":"publish","type":"page","link":"https:\/\/picstech-pro.com\/en\/impressum\/","title":{"rendered":"imprint"},"content":{"rendered":"<div data-elementor-type=\"wp-page\" data-elementor-id=\"18\" class=\"elementor elementor-18\">\n\t\t\t\t<div class=\"elementor-element elementor-element-6c67b0d e-flex e-con-boxed e-con e-parent\" data-id=\"6c67b0d\" data-element_type=\"container\">\n\t\t\t\t\t<div class=\"e-con-inner\">\n\t\t\t\t<div class=\"elementor-element elementor-element-441bc63 elementor-widget elementor-widget-text-editor\" data-id=\"441bc63\" data-element_type=\"widget\" data-widget_type=\"text-editor.default\">\n\t\t\t\t\t\t\t\t\t<div id=\"ohio-custom-68dd222ac65f9\" class=\"ohio-widget heading -left\"><p class=\"title\"><strong>Information pursuant to Section 5 DDG<\/strong><\/p><\/div><div id=\"ohio-custom-68dd222ac6762\" class=\"ohio-text-sc\"><p>Raum Visionen<br \/>Jens Reinheckel e.K.<br \/>Zinngie\u00dferstra\u00dfe 11a<br \/>31789 Hameln<br \/>Deutschland<\/p><p>Tel.:+49 (0)5151-9629770<br \/>E-Mail: info@raumvisionen.de<\/p><p>VAT identification number according to \u00a7 27a of the German Value Added Tax Act (UStG): DE 226 700 585<\/p><p>Responsible for the content according to \u00a7 55 para. 2 of the German Interstate Broadcasting Treaty (RStV):<\/p><p>Jens Reinheckel<br \/>Zinngie\u00dferstra\u00dfe 11a<br \/>31789 Hameln<\/p><p><b>Liability for Content<br \/><\/b>The content of our website has been created with the utmost care. However, we cannot guarantee the accuracy, completeness, or timeliness of the content. As a service provider, we are responsible for our own content on these pages in accordance with Section 7 Paragraph 1 of the German Telemedia Act (TMG). However, according to Sections 8 to 10 of the TMG, we are not obligated as a service provider to monitor transmitted or stored third-party information or to investigate circumstances that indicate illegal activity. Obligations to remove or block the use of information in accordance with general laws remain unaffected. However, liability in this respect is only possible from the point at which we become aware of a specific legal violation. Upon becoming aware of such legal violations, we will remove this content immediately.<\/p><p><b>Liability for Links<\/b><br \/>Our website contains links to external websites of third parties, over whose content we have no influence. Therefore, we cannot assume any liability for this external content. The respective provider or operator of the linked pages is always responsible for their content. The linked pages were checked for possible legal violations at the time the links were created. Illegal content was not identified at the time the links were created. However, continuous monitoring of the content of linked pages is not reasonable without concrete evidence of a legal violation. Upon notification of legal violations, we will remove such links immediately.<\/p><p><b>Copyright<\/b><br \/>The content and works created by the website operators on these pages are subject to German copyright law. Reproduction, processing, distribution, and any form of exploitation beyond the limits of copyright law require the written consent of the respective author or creator. Downloads and copies of this page are permitted only for private, non-commercial use. Insofar as the content on this page was not created by the operator, the copyrights of third parties are respected. In particular, third-party content is identified as such. Should you nevertheless become aware of a copyright infringement, please inform us accordingly. Upon notification of legal violations, we will remove such content immediately.<\/p><\/div>\t\t\t\t\t\t\t\t<\/div>\n\t\t\t\t\t<\/div>\n\t\t\t\t<\/div>\n\t\t\t\t<\/div>","protected":false},"excerpt":{"rendered":"<p>Angaben gem\u00e4\u00df \u00a7 5 DDG Raum VisionenJens Reinheckel e.K.Zinngie\u00dferstra\u00dfe 11a31789 HamelnDeutschland Tel.:+49 (0)5151-9629770E-Mail: info@raumvisionen.de Umsatzsteuer-Identifikationsnummer gem\u00e4\u00df \u00a7 27 a Umsatzsteuergesetz (UStG): DE 226 700 585 Verantwortlicher f\u00fcr den Inhalt ist gem\u00e4\u00df \u00a7 55 Abs. 2 RStV: Jens ReinheckelZinngie\u00dferstra\u00dfe 11a31789 Hameln Haftung f\u00fcr InhalteDie Inhalte unserer Seiten wurden mit gr\u00f6\u00dfter Sorgfalt erstellt. F\u00fcr die Richtigkeit, Vollst\u00e4ndigkeit [&hellip;]<\/p>","protected":false},"author":2,"featured_media":0,"parent":0,"menu_order":0,"comment_status":"closed","ping_status":"closed","template":"","meta":{"footnotes":""},"class_list":["post-18","page","type-page","status-publish","hentry"],"yoast_head":"<!-- This site is optimized with the Yoast SEO plugin v26.9 - https:\/\/yoast.com\/product\/yoast-seo-wordpress\/ -->\n<title>Impressum - PICS.TECH.pro<\/title>\n<meta name=\"robots\" content=\"index, follow, max-snippet:-1, max-image-preview:large, max-video-preview:-1\" \/>\n<link rel=\"canonical\" href=\"https:\/\/picstech-pro.com\/en\/impressum\/\" \/>\n<meta property=\"og:locale\" content=\"en_US\" \/>\n<meta property=\"og:type\" content=\"article\" \/>\n<meta property=\"og:title\" content=\"Impressum - PICS.TECH.pro\" \/>\n<meta property=\"og:description\" content=\"Angaben gem\u00e4\u00df \u00a7 5 DDG Raum VisionenJens Reinheckel e.K.Zinngie\u00dferstra\u00dfe 11a31789 HamelnDeutschland Tel.:+49 (0)5151-9629770E-Mail: info@raumvisionen.de Umsatzsteuer-Identifikationsnummer gem\u00e4\u00df \u00a7 27 a Umsatzsteuergesetz (UStG): DE 226 700 585 Verantwortlicher f\u00fcr den Inhalt ist gem\u00e4\u00df \u00a7 55 Abs. 2 RStV: Jens ReinheckelZinngie\u00dferstra\u00dfe 11a31789 Hameln Haftung f\u00fcr InhalteDie Inhalte unserer Seiten wurden mit gr\u00f6\u00dfter Sorgfalt erstellt. F\u00fcr die Richtigkeit, Vollst\u00e4ndigkeit [&hellip;]\" \/>\n<meta property=\"og:url\" content=\"https:\/\/picstech-pro.com\/en\/impressum\/\" \/>\n<meta property=\"og:site_name\" content=\"PICS.TECH.pro\" \/>\n<meta property=\"article:modified_time\" content=\"2025-12-18T07:48:32+00:00\" \/>\n<meta name=\"twitter:card\" content=\"summary_large_image\" \/>\n<meta name=\"twitter:label1\" content=\"Est. reading time\" \/>\n\t<meta name=\"twitter:data1\" content=\"2 minutes\" \/>\n<script type=\"application\/ld+json\" class=\"yoast-schema-graph\">{\"@context\":\"https:\/\/schema.org\",\"@graph\":[{\"@type\":\"WebPage\",\"@id\":\"https:\/\/picstech-pro.com\/impressum\/\",\"url\":\"https:\/\/picstech-pro.com\/impressum\/\",\"name\":\"Impressum - PICS.TECH.pro\",\"isPartOf\":{\"@id\":\"https:\/\/picstech-pro.com\/#website\"},\"datePublished\":\"2025-08-04T13:48:36+00:00\",\"dateModified\":\"2025-12-18T07:48:32+00:00\",\"breadcrumb\":{\"@id\":\"https:\/\/picstech-pro.com\/impressum\/#breadcrumb\"},\"inLanguage\":\"en-US\",\"potentialAction\":[{\"@type\":\"ReadAction\",\"target\":[\"https:\/\/picstech-pro.com\/impressum\/\"]}]},{\"@type\":\"BreadcrumbList\",\"@id\":\"https:\/\/picstech-pro.com\/impressum\/#breadcrumb\",\"itemListElement\":[{\"@type\":\"ListItem\",\"position\":1,\"name\":\"Startseite\",\"item\":\"https:\/\/picstech-pro.com\/\"},{\"@type\":\"ListItem\",\"position\":2,\"name\":\"Impressum\"}]},{\"@type\":\"WebSite\",\"@id\":\"https:\/\/picstech-pro.com\/#website\",\"url\":\"https:\/\/picstech-pro.com\/\",\"name\":\"PICS.TECH.pro\",\"description\":\"Digitalisieren Sie Ihren Immobilienvertrieb\",\"publisher\":{\"@id\":\"https:\/\/picstech-pro.com\/#organization\"},\"potentialAction\":[{\"@type\":\"SearchAction\",\"target\":{\"@type\":\"EntryPoint\",\"urlTemplate\":\"https:\/\/picstech-pro.com\/?s={search_term_string}\"},\"query-input\":{\"@type\":\"PropertyValueSpecification\",\"valueRequired\":true,\"valueName\":\"search_term_string\"}}],\"inLanguage\":\"en-US\"},{\"@type\":\"Organization\",\"@id\":\"https:\/\/picstech-pro.com\/#organization\",\"name\":\"PICS.TECH.pro\",\"url\":\"https:\/\/picstech-pro.com\/\",\"logo\":{\"@type\":\"ImageObject\",\"inLanguage\":\"en-US\",\"@id\":\"https:\/\/picstech-pro.com\/#\/schema\/logo\/image\/\",\"url\":\"https:\/\/picstech-pro.com\/wp-content\/uploads\/2025\/09\/PICS.TECH_PRO_Logo_cmyk-1.png\",\"contentUrl\":\"https:\/\/picstech-pro.com\/wp-content\/uploads\/2025\/09\/PICS.TECH_PRO_Logo_cmyk-1.png\",\"width\":515,\"height\":51,\"caption\":\"PICS.TECH.pro\"},\"image\":{\"@id\":\"https:\/\/picstech-pro.com\/#\/schema\/logo\/image\/\"}}]}<\/script>\n<!-- \/ Yoast SEO plugin. -->","yoast_head_json":{"title":"Impressum - PICS.TECH.pro","robots":{"index":"index","follow":"follow","max-snippet":"max-snippet:-1","max-image-preview":"max-image-preview:large","max-video-preview":"max-video-preview:-1"},"canonical":"https:\/\/picstech-pro.com\/en\/impressum\/","og_locale":"en_US","og_type":"article","og_title":"Impressum - PICS.TECH.pro","og_description":"Angaben gem\u00e4\u00df \u00a7 5 DDG Raum VisionenJens Reinheckel e.K.Zinngie\u00dferstra\u00dfe 11a31789 HamelnDeutschland Tel.:+49 (0)5151-9629770E-Mail: info@raumvisionen.de Umsatzsteuer-Identifikationsnummer gem\u00e4\u00df \u00a7 27 a Umsatzsteuergesetz (UStG): DE 226 700 585 Verantwortlicher f\u00fcr den Inhalt ist gem\u00e4\u00df \u00a7 55 Abs. 2 RStV: Jens ReinheckelZinngie\u00dferstra\u00dfe 11a31789 Hameln Haftung f\u00fcr InhalteDie Inhalte unserer Seiten wurden mit gr\u00f6\u00dfter Sorgfalt erstellt. F\u00fcr die Richtigkeit, Vollst\u00e4ndigkeit [&hellip;]","og_url":"https:\/\/picstech-pro.com\/en\/impressum\/","og_site_name":"PICS.TECH.pro","article_modified_time":"2025-12-18T07:48:32+00:00","twitter_card":"summary_large_image","twitter_misc":{"Est. reading time":"2 minutes"},"schema":{"@context":"https:\/\/schema.org","@graph":[{"@type":"WebPage","@id":"https:\/\/picstech-pro.com\/impressum\/","url":"https:\/\/picstech-pro.com\/impressum\/","name":"Impressum - PICS.TECH.pro","isPartOf":{"@id":"https:\/\/picstech-pro.com\/#website"},"datePublished":"2025-08-04T13:48:36+00:00","dateModified":"2025-12-18T07:48:32+00:00","breadcrumb":{"@id":"https:\/\/picstech-pro.com\/impressum\/#breadcrumb"},"inLanguage":"en-US","potentialAction":[{"@type":"ReadAction","target":["https:\/\/picstech-pro.com\/impressum\/"]}]},{"@type":"BreadcrumbList","@id":"https:\/\/picstech-pro.com\/impressum\/#breadcrumb","itemListElement":[{"@type":"ListItem","position":1,"name":"Startseite","item":"https:\/\/picstech-pro.com\/"},{"@type":"ListItem","position":2,"name":"Impressum"}]},{"@type":"WebSite","@id":"https:\/\/picstech-pro.com\/#website","url":"https:\/\/picstech-pro.com\/","name":"PICS.TECH.pro","description":"Digitalisieren Sie Ihren Immobilienvertrieb","publisher":{"@id":"https:\/\/picstech-pro.com\/#organization"},"potentialAction":[{"@type":"SearchAction","target":{"@type":"EntryPoint","urlTemplate":"https:\/\/picstech-pro.com\/?s={search_term_string}"},"query-input":{"@type":"PropertyValueSpecification","valueRequired":true,"valueName":"search_term_string"}}],"inLanguage":"en-US"},{"@type":"Organization","@id":"https:\/\/picstech-pro.com\/#organization","name":"PICS.TECH.pro","url":"https:\/\/picstech-pro.com\/","logo":{"@type":"ImageObject","inLanguage":"en-US","@id":"https:\/\/picstech-pro.com\/#\/schema\/logo\/image\/","url":"https:\/\/picstech-pro.com\/wp-content\/uploads\/2025\/09\/PICS.TECH_PRO_Logo_cmyk-1.png","contentUrl":"https:\/\/picstech-pro.com\/wp-content\/uploads\/2025\/09\/PICS.TECH_PRO_Logo_cmyk-1.png","width":515,"height":51,"caption":"PICS.TECH.pro"},"image":{"@id":"https:\/\/picstech-pro.com\/#\/schema\/logo\/image\/"}}]}},"_links":{"self":[{"href":"https:\/\/picstech-pro.com\/en\/wp-json\/wp\/v2\/pages\/18","targetHints":{"allow":["GET"]}}],"collection":[{"href":"https:\/\/picstech-pro.com\/en\/wp-json\/wp\/v2\/pages"}],"about":[{"href":"https:\/\/picstech-pro.com\/en\/wp-json\/wp\/v2\/types\/page"}],"author":[{"embeddable":true,"href":"https:\/\/picstech-pro.com\/en\/wp-json\/wp\/v2\/users\/2"}],"replies":[{"embeddable":true,"href":"https:\/\/picstech-pro.com\/en\/wp-json\/wp\/v2\/comments?post=18"}],"version-history":[{"count":13,"href":"https:\/\/picstech-pro.com\/en\/wp-json\/wp\/v2\/pages\/18\/revisions"}],"predecessor-version":[{"id":512,"href":"https:\/\/picstech-pro.com\/en\/wp-json\/wp\/v2\/pages\/18\/revisions\/512"}],"wp:attachment":[{"href":"https:\/\/picstech-pro.com\/en\/wp-json\/wp\/v2\/media?parent=18"}],"curies":[{"name":"wp","href":"https:\/\/api.w.org\/{rel}","templated":true}]}}